{"id":13359,"date":"2025-04-29T15:38:08","date_gmt":"2025-04-29T21:38:08","guid":{"rendered":"https:\/\/lgcg.tsj-guerrero.gob.mx\/?page_id=13359"},"modified":"2025-04-29T16:16:42","modified_gmt":"2025-04-29T22:16:42","slug":"inicio","status":"publish","type":"page","link":"https:\/\/lgcg.tsj-guerrero.gob.mx\/","title":{"rendered":"Inicio"},"content":{"rendered":"\n<style>\n.newsx-page-title{\ndisplay:none;\n}\n.decreto-container {\n  position: relative;\n  margin-left: 170px;\n  font-family: 'Times New Roman', serif;\n  color: #333;\n}\n\n.sello-space {\n  position: absolute;\n  left: -170px;\n  top: 0;\n  width: 150px;\n  height: 150px;\n}\n\n.encabezado-decreto {\n  margin-bottom: 20px;\n  line-height: 1.5;\n}\n\n.titulo-decreto {\n  text-align: center;\n  font-weight: bold;\n  font-size: 18px;\n  text-transform: uppercase;\n  margin: 20px 0;\n}\n\n.cita-textual {\n  position: relative;\n  padding: 15px 20px 15px 40px;\n  background-color: #f9f9f9;\n  border-left: 4px solid #ccc;\n  margin: 20px 0;\n  line-height: 1.6;\n}\n\n.cita-textual::before {\n  content: '\"';\n  position: absolute;\n  left: 10px;\n  top: 10px;\n  font-size: 50px;\n  color: #ccc;\n  font-family: Georgia, serif;\n  line-height: 1;\n}\n\n.texto-mayusculas {\n  text-transform: uppercase;\n}\n\n.articulo {\n  margin: 15px 0;\n  font-weight: bold;\n}\n\n.titulo-ley {\n  font-weight: bold;\n  text-align: center;\n  text-transform: uppercase;\n  margin: 25px 0;\n  font-size: 17px;\n}\n<\/style>\n\n<div class=\"decreto-container\">\n  <div class=\"sello-space\">\n    <img loading=\"lazy\" decoding=\"async\" src=\"https:\/\/lgcg.tsj-guerrero.gob.mx\/wp-content\/uploads\/2025\/04\/logopjegro-1.png\" width=\"150\" height=\"150\" alt=\"Escudo Nacional\">\n  <\/div>\n  \n  <div class=\"encabezado-decreto\">\n    <p>Presidencia de los Estados Unidos Mexicanos, a sus habitantes sabed:<\/p>\n    <p>Que el Honorable Congreso de la Uni\u00f3n, se ha servido dirigirme el siguiente<\/p>\n  <\/div>\n  \n  <div class=\"titulo-decreto\">DECRETO<\/div>\n  \n  <div class=\"cita-textual\">\n    <div class=\"texto-mayusculas\">\n      EL CONGRESO GENERAL DE LOS ESTADOS UNIDOS MEXICANOS, DECRETA:\n    <\/div>\n    <div class=\"texto-mayusculas\">\n      SE EXPIDE LA LEY DE FISCALIZACI\u00d3N Y RENDICI\u00d3N DE CUENTAS DE LA FEDERACI\u00d3N; Y SE REFORMAN EL\n      ART\u00cdCULO 49 DE LA LEY DE COORDINACI\u00d3N FISCAL, Y EL ART\u00cdCULO 70 DE LA LEY GENERAL DE\n      CONTABILIDAD GUBERNAMENTAL.\n    <\/div>\n  <\/div>\n  \n  <div class=\"articulo\">\n    ART\u00cdCULO PRIMERO. Se expide la Ley de Fiscalizaci\u00f3n y Rendici\u00f3n de Cuentas de la Federaci\u00f3n.\n  <\/div>\n  \n  <div class=\"titulo-ley\">\n    LEY DE FISCALIZACI\u00d3N Y RENDICI\u00d3N DE CUENTAS DE LA FEDERACI\u00d3N\n  <\/div>\n<\/div>\n\n\n\n<p><\/p>\n","protected":false},"excerpt":{"rendered":"<p>Presidencia de los Estados Unidos Mexicanos, a sus habitantes sabed: Que el Honorable Congreso de la Uni\u00f3n, se ha servido dirigirme el siguiente DECRETO EL CONGRESO GENERAL DE LOS ESTADOS UNIDOS MEXICANOS, DECRETA: SE EXPIDE LA LEY DE FISCALIZACI\u00d3N Y RENDICI\u00d3N DE CUENTAS DE LA FEDERACI\u00d3N; Y SE REFORMAN EL ART\u00cdCULO 49 DE LA LEY<\/p>\n","protected":false},"author":1,"featured_media":0,"parent":0,"menu_order":0,"comment_status":"closed","ping_status":"closed","template":"","meta":{"footnotes":""},"class_list":["post-13359","page","type-page","status-publish","hentry"],"_links":{"self":[{"href":"https:\/\/lgcg.tsj-guerrero.gob.mx\/index.php?rest_route=\/wp\/v2\/pages\/13359","targetHints":{"allow":["GET"]}}],"collection":[{"href":"https:\/\/lgcg.tsj-guerrero.gob.mx\/index.php?rest_route=\/wp\/v2\/pages"}],"about":[{"href":"https:\/\/lgcg.tsj-guerrero.gob.mx\/index.php?rest_route=\/wp\/v2\/types\/page"}],"author":[{"embeddable":true,"href":"https:\/\/lgcg.tsj-guerrero.gob.mx\/index.php?rest_route=\/wp\/v2\/users\/1"}],"replies":[{"embeddable":true,"href":"https:\/\/lgcg.tsj-guerrero.gob.mx\/index.php?rest_route=%2Fwp%2Fv2%2Fcomments&post=13359"}],"version-history":[{"count":5,"href":"https:\/\/lgcg.tsj-guerrero.gob.mx\/index.php?rest_route=\/wp\/v2\/pages\/13359\/revisions"}],"predecessor-version":[{"id":13372,"href":"https:\/\/lgcg.tsj-guerrero.gob.mx\/index.php?rest_route=\/wp\/v2\/pages\/13359\/revisions\/13372"}],"wp:attachment":[{"href":"https:\/\/lgcg.tsj-guerrero.gob.mx\/index.php?rest_route=%2Fwp%2Fv2%2Fmedia&parent=13359"}],"curies":[{"name":"wp","href":"https:\/\/api.w.org\/{rel}","templated":true}]}}